{"id":2190,"date":"2025-12-03T13:07:23","date_gmt":"2025-12-03T13:07:23","guid":{"rendered":"https:\/\/thefoundations.co\/a-propos-de-nous\/"},"modified":"2026-04-15T19:15:22","modified_gmt":"2026-04-15T19:15:22","slug":"a-propos-de-nous","status":"publish","type":"page","link":"https:\/\/thefoundations.co\/fr\/a-propos-de-nous\/","title":{"rendered":"\u00c0 propos | Apprenez les fondamentaux manquants"},"content":{"rendered":"\n<div class=\"wp-block-uagb-container uagb-block-89774ef8 alignfull uagb-is-root-container\"><div class=\"uagb-container-inner-blocks-wrap\">\n<div class=\"wp-block-uagb-container uagb-layout-flex uagb-block-eb936ae0\"><\/div>\n\n\n\n<div class=\"wp-block-uagb-advanced-heading uagb-block-be4e78ca\"><h2 class=\"uagb-heading-text\">\u00c0 propos<\/h2><\/div>\n\n\n\n<div class=\"wp-block-uagb-separator uagb-block-4ff6b9cb\"><div class=\"wp-block-uagb-separator__inner\" style=\"--my-background-image:\"><\/div><\/div><br>\n\n\n\n<div class=\"wp-block-uagb-advanced-heading uagb-block-6930a041\"><h3 class=\"uagb-heading-text\">Notre mission<\/h3><\/div>\n\n\n\n<p><strong>Vous ouvrez les actualit\u00e9s. Les taux d&rsquo;int\u00e9r\u00eat augmentent. Une guerre commerciale s&rsquo;intensifie. Une nouvelle technologie bouleverse tout un secteur.<\/strong> <strong>Et vous vous sentez&#8230; perdu.<\/strong><\/p>\n\n\n\n<p>Pas parce que l&rsquo;information est mal \u00e9crite. Mais parce qu&rsquo;il vous manque les fondamentaux pour vraiment comprendre ce qui se passe. <\/p>\n\n\n\n<p><strong>C&rsquo;est exactement notre raison d&rsquo;\u00eatre.<\/strong><\/p>\n\n\n\n<p>The Foundations vous donne les connaissances essentielles que vous n&rsquo;avez jamais eu l&rsquo;occasion d&rsquo;apprendre \u2014 les bases n\u00e9cessaires pour enfin comprendre l&rsquo;actualit\u00e9.<\/p>\n\n\n\n<p>Nous n&rsquo;analysons pas l&rsquo;actualit\u00e9 pour des experts. Nous expliquons les bases que tout le monde devrait conna\u00eetre, mais que personne n&rsquo;a jamais pris le temps d&rsquo;enseigner clairement. <\/p>\n\n\n\n<p><strong>Aucun pr\u00e9requis n\u00e9cessaire. Tout expliqu\u00e9 depuis z\u00e9ro. <\/strong><\/p>\n\n\n\n<div class=\"wp-block-uagb-advanced-heading uagb-block-61a0e9c5\"><h3 class=\"uagb-heading-text\">Pourquoi choisir The Foundations ?<\/h3><\/div>\n\n\n\n<p>Dans un paysage m\u00e9diatique satur\u00e9 d&rsquo;opinions d&rsquo;experts et de titres superficiels, Les Fondations occupe un espace unique : <strong>nous enseignons les fondamentaux.<\/strong><\/p>\n\n\n\n<ul class=\"wp-block-list\">\n<li><strong>Nous ne sommes pas un agr\u00e9gateur d&rsquo;actualit\u00e9s<\/strong><br\/>Nous ne relayons pas simplement l&rsquo;information \u2014 nous r\u00e9v\u00e9lons ce qu&rsquo;il vous faut savoir pour la comprendre.<\/li>\n\n\n\n<li><strong>Nous ne sommes pas une publication d&rsquo;analyse pour experts<\/strong><br\/>Nous n&rsquo;\u00e9crivons pas pour ceux qui savent d\u00e9j\u00e0. Nous \u00e9crivons pour ceux qui veulent enfin comprendre.<\/li>\n\n\n\n<li><strong>Nous ne sommes pas un m\u00e9dia \u00ab\u00a0pour les nuls\u00a0\u00bb<\/strong><br\/>On ne peut pas tout savoir sur tout. Nous vous donnons simplement les fondamentaux qui vous manquent \u2014 clairement, avec respect, et sans pr\u00e9requis.<\/li>\n\n\n\n<li><strong>Nous sommes votre mise \u00e0 niveau intellectuelle<\/strong><br\/>Une biblioth\u00e8que de fondamentaux qui rendent l&rsquo;actualit\u00e9 intelligible. La base de connaissances qui vous manquait.<\/li>\n<\/ul>\n\n\n\n<div class=\"wp-block-uagb-advanced-heading uagb-block-b21347b0\"><h3 class=\"uagb-heading-text\">Comment \u00e7a marche ?<\/h3><\/div>\n\n\n\n<p><strong><strong>Les Br\u00e8ves \u2014 Ce qu&rsquo;il faut savoir<\/strong><\/strong><\/p>\n\n\n\n<p>Des articles courts qui relient un \u00e9v\u00e9nement d&rsquo;actualit\u00e9 \u00e0 un concept fondamental.<\/p>\n\n\n\n<p>Chaque Br\u00e8ve :<\/p>\n\n\n\n<ul class=\"wp-block-list\">\n<li>Pr\u00e9sente un \u00e9v\u00e8nement significatif<\/li>\n\n\n\n<li>R\u00e9v\u00e8le <strong>ce qui manque<\/strong> pour vraiment le comprendre<\/li>\n\n\n\n<li>Vous oriente vers le Fondamental correspondant<\/li>\n<\/ul>\n\n\n\n<p><strong>Gratuit. Sans abonnement. <\/strong><\/p>\n\n\n\n<p><strong><strong>Les Fondamentaux \u2014 Les connaissances manquantes<\/strong><\/strong><\/p>\n\n\n\n<p>Des articles longs qui vous donnent les bases essentielles pour comprendre un sujet, un concept ou une tendance.<\/p>\n\n\n\n<p>Chaque Fondamental :<\/p>\n\n\n\n<ul class=\"wp-block-list\">\n<li>Part de z\u00e9ro \u2014 aucun pr\u00e9requis<\/li>\n\n\n\n<li>Explique clairement, sans jargon (ou avec le jargon expliqu\u00e9)<\/li>\n\n\n\n<li>Utilise donn\u00e9es, graphiques, contexte historique et exemples concrets<\/li>\n\n\n\n<li>Vous apporte des connaissances durables, pas de l&rsquo;information jetable<\/li>\n<\/ul>\n\n\n\n<div class=\"wp-block-uagb-container uagb-block-2073bf46\">\n<div class=\"wp-block-uagb-buttons uagb-buttons__outer-wrap uagb-btn__default-btn uagb-btn-tablet__default-btn uagb-btn-mobile__default-btn uagb-block-f53215ce\"><div class=\"uagb-buttons__wrap uagb-buttons-layout-wrap \">\n<div class=\"wp-block-uagb-buttons-child uagb-buttons__outer-wrap uagb-block-086fc08d wp-block-button\"><div class=\"uagb-button__wrapper\"><a class=\"uagb-buttons-repeater wp-block-button__link\" aria-label=\"\" href=\"https:\/\/thefoundations.co\/fr\/etiquette\/breves\/\" rel=\"follow noopener\" target=\"_self\" role=\"button\"><div class=\"uagb-button__link\">Les Br\u00e8ves<\/div><\/a><\/div><\/div>\n<\/div><\/div>\n\n\n\n<div class=\"wp-block-uagb-buttons uagb-buttons__outer-wrap uagb-btn__default-btn uagb-btn-tablet__default-btn uagb-btn-mobile__default-btn uagb-block-1228f76e\"><div class=\"uagb-buttons__wrap uagb-buttons-layout-wrap \">\n<div class=\"wp-block-uagb-buttons-child uagb-buttons__outer-wrap uagb-block-623def30 wp-block-button\"><div class=\"uagb-button__wrapper\"><a class=\"uagb-buttons-repeater wp-block-button__link\" aria-label=\"\" href=\"https:\/\/thefoundations.co\/fr\/etiquette\/fondamentaux\/\" rel=\"follow noopener\" target=\"_self\" role=\"button\"><div class=\"uagb-button__link\">Les Fondamentaux<\/div><\/a><\/div><\/div>\n<\/div><\/div>\n<\/div>\n\n\n\n<p><strong>Sujets couverts :<\/strong><\/p>\n\n\n\n<ul class=\"wp-block-list\">\n<li>\u00c9conomie &amp; Finance (inflation, banques centrales, dette, devises&#8230;)<\/li>\n\n\n\n<li>Science &amp; Technologie (IA, \u00e9nergie, climat, infrastructures&#8230;)<\/li>\n\n\n\n<li>G\u00e9opolitique &amp; Soci\u00e9t\u00e9 (commerce, d\u00e9mographie, institutions&#8230;)<\/li>\n\n\n\n<li>Entrepreneuriat &amp; Business (march\u00e9s, strat\u00e9gie, innovation&#8230;)<\/li>\n<\/ul>\n\n\n\n<p><strong>R\u00e9serv\u00e9 aux abonn\u00e9s<\/strong> \u2014 pour ceux qui veulent tout comprendre.<\/p>\n\n\n\n<h3 class=\"wp-block-heading\">Notre approche<\/h3>\n\n\n\n<ul class=\"wp-block-list\">\n<li><strong>P\u00e9dagogique <\/strong>\u2014 Nous expliquons comme si vous d\u00e9couvriez le sujet pour la premi\u00e8re fois<\/li>\n\n\n\n<li><strong>Rigoureux <\/strong>\u2014 Sources v\u00e9rifi\u00e9es, donn\u00e9es fiables, contexte factuel<\/li>\n\n\n\n<li><strong>Accessible <\/strong>\u2014 Langage clair, exemples concrets, supports visuels<\/li>\n\n\n\n<li><strong>Neutre <\/strong>\u2014 Aucun biais politique, aucune id\u00e9ologie \u2014 juste les fondamentaux<\/li>\n<\/ul>\n\n\n\n<p><strong>The Foundations n&rsquo;est pas un m\u00e9dia d&rsquo;opinion. Nous ne vous disons pas quoi penser. Nous vous donnons les outils pour comprendre. <\/strong><\/p>\n\n\n\n<h3 class=\"wp-block-heading\">Pour qui ?<\/h3>\n\n\n\n<ul class=\"wp-block-list\">\n<li><strong>Vous vous sentez en retard<\/strong> sur les concepts essentiels pour comprendre l&rsquo;actualit\u00e9<\/li>\n\n\n\n<li><strong>Vous voulez monter en comp\u00e9tence<\/strong> dans votre compr\u00e9hension du monde<\/li>\n\n\n\n<li><strong>Vous en avez assez de vous sentir perdu<\/strong> quand des sujets \u00e9conomiques, g\u00e9opolitiques ou technologiques surgissent<\/li>\n\n\n\n<li><strong>Vous \u00eates curieux<\/strong> mais ne savez pas par o\u00f9 commencer<\/li>\n\n\n\n<li><strong>Vous privil\u00e9giez la clart\u00e9<\/strong> au jargon et la substance au buzz<\/li>\n<\/ul>\n\n\n\n<p><strong>Entrepreneurs, professionnels, \u00e9tudiants, autodidactes, esprits curieux de tous horizons \u2014 Les Fondations est fait pour vous.<\/strong><\/p>\n\n\n\n<h3 class=\"wp-block-heading\">Notre promesse<\/h3>\n\n\n\n<p><strong>Nous vous donnons les fondamentaux que vous auriez d\u00fb apprendre pour comprendre l&rsquo;actualit\u00e9.<\/strong><\/p>\n\n\n\n<p>Pas des r\u00e9sum\u00e9s superficiels. Pas des analyses d&rsquo;experts. <strong>Les connaissances essentielles qui manquaient.<\/strong><\/p>\n\n\n\n<p><strong>Parce que comprendre le monde ne devrait pas n\u00e9cessiter un doctorat. Juste les bonnes fondations. <\/strong><\/p>\n\n\n\n<div class=\"wp-block-uagb-buttons uagb-buttons__outer-wrap uagb-btn__default-btn uagb-btn-tablet__default-btn uagb-btn-mobile__default-btn uagb-block-dfe0776b\"><div class=\"uagb-buttons__wrap uagb-buttons-layout-wrap \">\n<div class=\"wp-block-uagb-buttons-child uagb-buttons__outer-wrap uagb-block-db28d5d7 wp-block-button\"><div class=\"uagb-button__wrapper\"><a class=\"uagb-buttons-repeater wp-block-button__link\" aria-label=\"\" href=\"https:\/\/thefoundations.co\/fr\/pricing\/\" rel=\"follow noopener\" target=\"_self\" role=\"button\"><div class=\"uagb-button__link\">S&rsquo;ABONNER<\/div><\/a><\/div><\/div>\n<\/div><\/div>\n\n\n\n<hr class=\"wp-block-separator has-alpha-channel-opacity\"\/>\n\n\n\n<p class=\"has-text-align-center\"><em>The Foundations. Les bases pour comprendre l\u2019actualit\u00e9<\/em><\/p>\n<\/div><\/div>\n","protected":false},"excerpt":{"rendered":"<p>\u00c0 propos Notre mission Vous ouvrez les actualit\u00e9s. Les taux d&rsquo;int\u00e9r\u00eat augmentent. Une guerre commerciale s&rsquo;intensifie. Une nouvelle technologie bouleverse tout un secteur. Et vous vous sentez&#8230; perdu. Pas parce que l&rsquo;information est mal \u00e9crite. Mais parce qu&rsquo;il vous manque les fondamentaux pour vraiment comprendre ce qui se passe. C&rsquo;est exactement notre raison d&rsquo;\u00eatre. The [&hellip;]<\/p>\n","protected":false},"author":2,"featured_media":0,"parent":0,"menu_order":0,"comment_status":"closed","ping_status":"closed","template":"","meta":{"_uag_custom_page_level_css":"","site-sidebar-layout":"default","site-content-layout":"page-builder","ast-site-content-layout":"full-width-container","site-content-style":"unboxed","site-sidebar-style":"unboxed","ast-global-header-display":"","ast-banner-title-visibility":"","ast-main-header-display":"","ast-hfb-above-header-display":"","ast-hfb-below-header-display":"","ast-hfb-mobile-header-display":"","site-post-title":"disabled","ast-breadcrumbs-content":"","ast-featured-img":"","footer-sml-layout":"","ast-disable-related-posts":"","theme-transparent-header-meta":"","adv-header-id-meta":"","stick-header-meta":"","header-above-stick-meta":"","header-main-stick-meta":"","header-below-stick-meta":"","astra-migrate-meta-layouts":"default","ast-page-background-enabled":"default","ast-page-background-meta":{"desktop":{"background-color":"","background-image":"","background-repeat":"repeat","background-position":"center center","background-size":"auto","background-attachment":"scroll","background-type":"","background-media":"","overlay-type":"","overlay-color":"","overlay-opacity":"","overlay-gradient":""},"tablet":{"background-color":"","background-image":"","background-repeat":"repeat","background-position":"center center","background-size":"auto","background-attachment":"scroll","background-type":"","background-media":"","overlay-type":"","overlay-color":"","overlay-opacity":"","overlay-gradient":""},"mobile":{"background-color":"","background-image":"","background-repeat":"repeat","background-position":"center center","background-size":"auto","background-attachment":"scroll","background-type":"","background-media":"","overlay-type":"","overlay-color":"","overlay-opacity":"","overlay-gradient":""}},"ast-content-background-meta":{"desktop":{"background-color":"var(--ast-global-color-5)","background-image":"","background-repeat":"repeat","background-position":"center center","background-size":"auto","background-attachment":"scroll","background-type":"","background-media":"","overlay-type":"","overlay-color":"","overlay-opacity":"","overlay-gradient":""},"tablet":{"background-color":"var(--ast-global-color-5)","background-image":"","background-repeat":"repeat","background-position":"center center","background-size":"auto","background-attachment":"scroll","background-type":"","background-media":"","overlay-type":"","overlay-color":"","overlay-opacity":"","overlay-gradient":""},"mobile":{"background-color":"var(--ast-global-color-5)","background-image":"","background-repeat":"repeat","background-position":"center center","background-size":"auto","background-attachment":"scroll","background-type":"","background-media":"","overlay-type":"","overlay-color":"","overlay-opacity":"","overlay-gradient":""}},"footnotes":""},"class_list":["post-2190","page","type-page","status-publish","hentry"],"aioseo_notices":[],"_hostinger_reach_plugin_has_subscription_block":false,"_hostinger_reach_plugin_is_elementor":false,"uagb_featured_image_src":{"full":false,"thumbnail":false,"medium":false,"medium_large":false,"large":false,"1536x1536":false,"2048x2048":false},"uagb_author_info":{"display_name":"Arnaud Cazan","author_link":"https:\/\/thefoundations.co\/fr\/author\/arnaud-cazan\/"},"uagb_comment_info":0,"uagb_excerpt":"\u00c0 propos Notre mission Vous ouvrez les actualit\u00e9s. Les taux d&rsquo;int\u00e9r\u00eat augmentent. Une guerre commerciale s&rsquo;intensifie. Une nouvelle technologie bouleverse tout un secteur. Et vous vous sentez&#8230; perdu. Pas parce que l&rsquo;information est mal \u00e9crite. Mais parce qu&rsquo;il vous manque les fondamentaux pour vraiment comprendre ce qui se passe. C&rsquo;est exactement notre raison d&rsquo;\u00eatre. The\u2026","jetpack_sharing_enabled":true,"_links":{"self":[{"href":"https:\/\/thefoundations.co\/fr\/wp-json\/wp\/v2\/pages\/2190","targetHints":{"allow":["GET"]}}],"collection":[{"href":"https:\/\/thefoundations.co\/fr\/wp-json\/wp\/v2\/pages"}],"about":[{"href":"https:\/\/thefoundations.co\/fr\/wp-json\/wp\/v2\/types\/page"}],"author":[{"embeddable":true,"href":"https:\/\/thefoundations.co\/fr\/wp-json\/wp\/v2\/users\/2"}],"replies":[{"embeddable":true,"href":"https:\/\/thefoundations.co\/fr\/wp-json\/wp\/v2\/comments?post=2190"}],"version-history":[{"count":11,"href":"https:\/\/thefoundations.co\/fr\/wp-json\/wp\/v2\/pages\/2190\/revisions"}],"predecessor-version":[{"id":3084,"href":"https:\/\/thefoundations.co\/fr\/wp-json\/wp\/v2\/pages\/2190\/revisions\/3084"}],"wp:attachment":[{"href":"https:\/\/thefoundations.co\/fr\/wp-json\/wp\/v2\/media?parent=2190"}],"curies":[{"name":"wp","href":"https:\/\/api.w.org\/{rel}","templated":true}]}}