{"id":2264,"date":"2026-01-09T09:20:56","date_gmt":"2026-01-09T09:20:56","guid":{"rendered":"https:\/\/thefoundations.co\/pricing\/"},"modified":"2026-01-14T10:00:51","modified_gmt":"2026-01-14T10:00:51","slug":"pricing","status":"publish","type":"page","link":"https:\/\/thefoundations.co\/fr\/pricing\/","title":{"rendered":"pricing"},"content":{"rendered":"\n<div class=\"wp-block-uagb-advanced-heading uagb-block-94c92c45\"><h2 class=\"uagb-heading-text\">Abonnements<\/h2><\/div>\n\n<p>Les Fondations vous donne les connaissances essentielles pour vraiment comprendre l&rsquo;actualit\u00e9. Chaque \u00e9v\u00e9nement s&rsquo;appuie sur des m\u00e9canismes fondamentaux que beaucoup n&rsquo;ont jamais eu l&rsquo;occasion d&rsquo;apprendre clairement. Nous comblons ce foss\u00e9.<\/p>\n\n<div class=\"wp-block-uagb-container uagb-block-c92d24b6 alignfull uagb-is-root-container\"><div class=\"uagb-container-inner-blocks-wrap\">\n<div class=\"wp-block-uagb-container uagb-block-c0f15f21\">\n<div class=\"wp-block-uagb-advanced-heading uagb-block-2fbf1e3c\"><h3 class=\"uagb-heading-text\">Explorateur \u2014 Gratuit<\/h3><\/div>\n\n\n\n<p>Pour les lecteurs qui souhaitent approfondir leur compr\u00e9hension et rejoindre notre communaut\u00e9.<\/p>\n\n\n\n<p>En devenant Explorateur, vous obtenez :<\/p>\n\n\n\n<ul class=\"wp-block-list\">\n<li>Acc\u00e8s aux Br\u00e8ves<\/li>\n\n\n\n<li>Newsletter hebdomadaire avec une s\u00e9lection d&rsquo;analyses<\/li>\n\n\n\n<li>Acc\u00e8s \u00e0 une s\u00e9lection de Fondamentaux<\/li>\n\n\n\n<li>Droit de commenter : participez aux discussions<\/li>\n<\/ul>\n\n\n\n<p>Cet acc\u00e8s n&rsquo;inclut pas tous les Fondamentaux.<\/p>\n\n\n\n<div class=\"wp-block-uagb-buttons uagb-buttons__outer-wrap uagb-btn__default-btn uagb-btn-tablet__default-btn uagb-btn-mobile__default-btn uagb-block-cfa51ce2\"><div class=\"uagb-buttons__wrap uagb-buttons-layout-wrap \">\n<div class=\"wp-block-uagb-buttons-child uagb-buttons__outer-wrap uagb-block-62abfca2 wp-block-button\"><div class=\"uagb-button__wrapper\"><a class=\"uagb-buttons-repeater wp-block-button__link\" aria-label=\"\" href=\"https:\/\/thefoundations.co\/fr\/register\/explorateur\/\" rel=\"follow noopener\" target=\"_self\" role=\"button\"><div class=\"uagb-button__link\">D\u00c9COUVRIR<\/div><\/a><\/div><\/div>\n<\/div><\/div>\n<\/div>\n\n\n\n<div class=\"wp-block-uagb-container uagb-block-c6c52f79\">\n<div class=\"wp-block-uagb-advanced-heading uagb-block-9f0fec5c\"><h3 class=\"uagb-heading-text\">Fondateur \u2014 Acc\u00e8s complet<\/h3><\/div>\n\n\n\n<p>Pour les lecteurs qui recherchent une compr\u00e9hension compl\u00e8te des dynamiques mondiales et souhaitent soutenir une publication ind\u00e9pendante construite pour durer.<\/p>\n\n\n\n<p>En devenant Fondateur, vous obtenez :<\/p>\n\n\n\n<ul class=\"wp-block-list\">\n<li>Acc\u00e8s complet aux Fondamentaux<\/li>\n\n\n\n<li>Tout ce qui est inclus dans Explorateur<\/li>\n<\/ul>\n\n\n\n<div class=\"wp-block-uagb-buttons uagb-buttons__outer-wrap uagb-btn__default-btn uagb-btn-tablet__default-btn uagb-btn-mobile__default-btn uagb-block-f56d823a\"><div class=\"uagb-buttons__wrap uagb-buttons-layout-wrap \">\n<div class=\"wp-block-uagb-buttons-child uagb-buttons__outer-wrap uagb-block-2896dc9d wp-block-button\"><div class=\"uagb-button__wrapper\"><a class=\"uagb-buttons-repeater wp-block-button__link\" aria-label=\"\" href=\"https:\/\/thefoundations.co\/fr\/register\/fondateur\/\" rel=\"follow noopener\" target=\"_self\" role=\"button\"><div class=\"uagb-button__link\">S&rsquo;ABONNER<\/div><\/a><\/div><\/div>\n<\/div><\/div>\n<\/div>\n<\/div><\/div>\n","protected":false},"excerpt":{"rendered":"<p>Abonnements Les Fondations vous donne les connaissances essentielles pour vraiment comprendre l&rsquo;actualit\u00e9. Chaque \u00e9v\u00e9nement s&rsquo;appuie sur des m\u00e9canismes fondamentaux que beaucoup n&rsquo;ont jamais eu l&rsquo;occasion d&rsquo;apprendre clairement. Nous comblons ce foss\u00e9. Explorateur \u2014 Gratuit Pour les lecteurs qui souhaitent approfondir leur compr\u00e9hension et rejoindre notre communaut\u00e9. En devenant Explorateur, vous obtenez : Cet acc\u00e8s n&rsquo;inclut [&hellip;]<\/p>\n","protected":false},"author":1,"featured_media":0,"parent":0,"menu_order":0,"comment_status":"closed","ping_status":"closed","template":"","meta":{"_uag_custom_page_level_css":"","site-sidebar-layout":"default","site-content-layout":"","ast-site-content-layout":"default","site-content-style":"default","site-sidebar-style":"default","ast-global-header-display":"","ast-banner-title-visibility":"","ast-main-header-display":"","ast-hfb-above-header-display":"","ast-hfb-below-header-display":"","ast-hfb-mobile-header-display":"","site-post-title":"disabled","ast-breadcrumbs-content":"","ast-featured-img":"","footer-sml-layout":"","ast-disable-related-posts":"","theme-transparent-header-meta":"","adv-header-id-meta":"","stick-header-meta":"","header-above-stick-meta":"","header-main-stick-meta":"","header-below-stick-meta":"","astra-migrate-meta-layouts":"default","ast-page-background-enabled":"default","ast-page-background-meta":{"desktop":{"background-color":"","background-image":"","background-repeat":"repeat","background-position":"center center","background-size":"auto","background-attachment":"scroll","background-type":"","background-media":"","overlay-type":"","overlay-color":"","overlay-opacity":"","overlay-gradient":""},"tablet":{"background-color":"","background-image":"","background-repeat":"repeat","background-position":"center center","background-size":"auto","background-attachment":"scroll","background-type":"","background-media":"","overlay-type":"","overlay-color":"","overlay-opacity":"","overlay-gradient":""},"mobile":{"background-color":"","background-image":"","background-repeat":"repeat","background-position":"center center","background-size":"auto","background-attachment":"scroll","background-type":"","background-media":"","overlay-type":"","overlay-color":"","overlay-opacity":"","overlay-gradient":""}},"ast-content-background-meta":{"desktop":{"background-color":"var(--ast-global-color-5)","background-image":"","background-repeat":"repeat","background-position":"center center","background-size":"auto","background-attachment":"scroll","background-type":"","background-media":"","overlay-type":"","overlay-color":"","overlay-opacity":"","overlay-gradient":""},"tablet":{"background-color":"var(--ast-global-color-5)","background-image":"","background-repeat":"repeat","background-position":"center center","background-size":"auto","background-attachment":"scroll","background-type":"","background-media":"","overlay-type":"","overlay-color":"","overlay-opacity":"","overlay-gradient":""},"mobile":{"background-color":"var(--ast-global-color-5)","background-image":"","background-repeat":"repeat","background-position":"center center","background-size":"auto","background-attachment":"scroll","background-type":"","background-media":"","overlay-type":"","overlay-color":"","overlay-opacity":"","overlay-gradient":""}},"footnotes":""},"class_list":["post-2264","page","type-page","status-publish","hentry"],"aioseo_notices":[],"_hostinger_reach_plugin_has_subscription_block":false,"_hostinger_reach_plugin_is_elementor":false,"uagb_featured_image_src":{"full":false,"thumbnail":false,"medium":false,"medium_large":false,"large":false,"1536x1536":false,"2048x2048":false},"uagb_author_info":{"display_name":"julien.cazanove@gmail.com","author_link":"https:\/\/thefoundations.co\/fr\/author\/julien-cazanovegmail-com\/"},"uagb_comment_info":0,"uagb_excerpt":"Abonnements Les Fondations vous donne les connaissances essentielles pour vraiment comprendre l&rsquo;actualit\u00e9. Chaque \u00e9v\u00e9nement s&rsquo;appuie sur des m\u00e9canismes fondamentaux que beaucoup n&rsquo;ont jamais eu l&rsquo;occasion d&rsquo;apprendre clairement. Nous comblons ce foss\u00e9. Explorateur \u2014 Gratuit Pour les lecteurs qui souhaitent approfondir leur compr\u00e9hension et rejoindre notre communaut\u00e9. En devenant Explorateur, vous obtenez : Cet acc\u00e8s n&rsquo;inclut\u2026","jetpack_sharing_enabled":true,"_links":{"self":[{"href":"https:\/\/thefoundations.co\/fr\/wp-json\/wp\/v2\/pages\/2264","targetHints":{"allow":["GET"]}}],"collection":[{"href":"https:\/\/thefoundations.co\/fr\/wp-json\/wp\/v2\/pages"}],"about":[{"href":"https:\/\/thefoundations.co\/fr\/wp-json\/wp\/v2\/types\/page"}],"author":[{"embeddable":true,"href":"https:\/\/thefoundations.co\/fr\/wp-json\/wp\/v2\/users\/1"}],"replies":[{"embeddable":true,"href":"https:\/\/thefoundations.co\/fr\/wp-json\/wp\/v2\/comments?post=2264"}],"version-history":[{"count":1,"href":"https:\/\/thefoundations.co\/fr\/wp-json\/wp\/v2\/pages\/2264\/revisions"}],"predecessor-version":[{"id":2265,"href":"https:\/\/thefoundations.co\/fr\/wp-json\/wp\/v2\/pages\/2264\/revisions\/2265"}],"wp:attachment":[{"href":"https:\/\/thefoundations.co\/fr\/wp-json\/wp\/v2\/media?parent=2264"}],"curies":[{"name":"wp","href":"https:\/\/api.w.org\/{rel}","templated":true}]}}